{"id":2959,"date":"2024-01-10T18:48:19","date_gmt":"2024-01-10T18:48:19","guid":{"rendered":"https:\/\/gaddostore.com\/?post_type=product&#038;p=2959"},"modified":"2026-04-20T18:18:28","modified_gmt":"2026-04-20T18:18:28","slug":"brocha-profesional-color-fast","status":"publish","type":"product","link":"https:\/\/gaddostore.com\/index.php\/product\/brocha-profesional-color-fast\/","title":{"rendered":"BROCHA PROFESIONAL COLOR FAST"},"content":{"rendered":"<p>\u00bfQuieres aplicaciones m\u00e1s RAPIDAS ?<\/p>\n<p>&nbsp;<\/p>\n<p>Pincel profesional para aplicaci\u00f3n de tinte de cabello o decolorante , tama\u00f1o mas ancho para una aplicaci\u00f3n mas r\u00e1pida . cerdas curvas que ayudan a distribuir el producto de manera eficiente y homog\u00e9nea.<\/p>\n<p>materia resistente y mango antideslizante.<\/p>\n<p>color : negra- morada &#8211; rosada<\/p>\n<p>medidas 22 cm x 7 cm<\/p>\n<p>peso 24 gr<\/p>\n<p>&nbsp;<\/p>\n","protected":false},"excerpt":{"rendered":"<p>\u00bfQuieres aplicaciones m\u00e1s RAPIDAS ? &nbsp; Pincel profesional para aplicaci\u00f3n de tinte de cabello o decolorante , tama\u00f1o mas ancho para una aplicaci\u00f3n mas r\u00e1pida . cerdas curvas que ayudan a distribuir el producto de manera eficiente y homog\u00e9nea. materia resistente y mango antideslizante. color : negra- morada &#8211; rosada medidas 22 cm x 7 [&hellip;]<\/p>\n","protected":false},"featured_media":3068,"template":"","meta":{"om_disable_all_campaigns":false,"_uag_custom_page_level_css":""},"product_brand":[],"product_cat":[62,56],"product_tag":[67,80,79,61,78,24,69,22],"class_list":{"0":"post-2959","1":"product","2":"type-product","3":"status-publish","4":"has-post-thumbnail","6":"product_cat-brocha-color","7":"product_cat-brochas","8":"product_tag-brocha-color","9":"product_tag-brocha-peluqueria","10":"product_tag-brocha-profesional","11":"product_tag-brochas","12":"product_tag-brochas-balayage","13":"product_tag-color-cabello","14":"product_tag-colorista","15":"product_tag-peluqueria","17":"first","18":"instock","19":"taxable","20":"shipping-taxable","21":"purchasable","22":"product-type-variable"},"aioseo_notices":[],"uagb_featured_image_src":{"full":["https:\/\/gaddostore.com\/wp-content\/uploads\/2024\/01\/PhotoRoom-20240220_222655_21.webp",1512,2016,false],"thumbnail":["https:\/\/gaddostore.com\/wp-content\/uploads\/2024\/01\/PhotoRoom-20240220_222655_21-150x150.webp",150,150,true],"medium":["https:\/\/gaddostore.com\/wp-content\/uploads\/2024\/01\/PhotoRoom-20240220_222655_21-225x300.webp",225,300,true],"medium_large":["https:\/\/gaddostore.com\/wp-content\/uploads\/2024\/01\/PhotoRoom-20240220_222655_21-768x1024.webp",768,1024,true],"large":["https:\/\/gaddostore.com\/wp-content\/uploads\/2024\/01\/PhotoRoom-20240220_222655_21-768x1024.webp",768,1024,true],"1536x1536":["https:\/\/gaddostore.com\/wp-content\/uploads\/2024\/01\/PhotoRoom-20240220_222655_21-1152x1536.webp",1152,1536,true],"2048x2048":["https:\/\/gaddostore.com\/wp-content\/uploads\/2024\/01\/PhotoRoom-20240220_222655_21.webp",1512,2016,false],"woocommerce_archive_thumbnail":["https:\/\/gaddostore.com\/wp-content\/uploads\/2024\/01\/PhotoRoom-20240220_222655_21-300x400.webp",300,400,true],"mailpoet_newsletter_max":["https:\/\/gaddostore.com\/wp-content\/uploads\/2024\/01\/PhotoRoom-20240220_222655_21-1320x1760.webp",1320,1760,true],"woocommerce_thumbnail":["https:\/\/gaddostore.com\/wp-content\/uploads\/2024\/01\/PhotoRoom-20240220_222655_21-300x300.webp",300,300,true],"woocommerce_single":["https:\/\/gaddostore.com\/wp-content\/uploads\/2024\/01\/PhotoRoom-20240220_222655_21-600x800.webp",600,800,true],"woocommerce_gallery_thumbnail":["https:\/\/gaddostore.com\/wp-content\/uploads\/2024\/01\/PhotoRoom-20240220_222655_21-100x100.webp",100,100,true]},"uagb_author_info":{"display_name":"gaddostore.com","author_link":"https:\/\/gaddostore.com\/index.php\/author\/"},"uagb_comment_info":0,"uagb_excerpt":"\u00bfQuieres aplicaciones m\u00e1s RAPIDAS ? &nbsp; Pincel profesional para aplicaci\u00f3n de tinte de cabello o decolorante , tama\u00f1o mas ancho para una aplicaci\u00f3n mas r\u00e1pida . cerdas curvas que ayudan a distribuir el producto de manera eficiente y homog\u00e9nea. materia resistente y mango antideslizante. color : negra- morada &#8211; rosada medidas 22 cm x 7&hellip;","jetpack_sharing_enabled":true,"_links":{"self":[{"href":"https:\/\/gaddostore.com\/index.php\/wp-json\/wp\/v2\/product\/2959","targetHints":{"allow":["GET"]}}],"collection":[{"href":"https:\/\/gaddostore.com\/index.php\/wp-json\/wp\/v2\/product"}],"about":[{"href":"https:\/\/gaddostore.com\/index.php\/wp-json\/wp\/v2\/types\/product"}],"wp:featuredmedia":[{"embeddable":true,"href":"https:\/\/gaddostore.com\/index.php\/wp-json\/wp\/v2\/media\/3068"}],"wp:attachment":[{"href":"https:\/\/gaddostore.com\/index.php\/wp-json\/wp\/v2\/media?parent=2959"}],"wp:term":[{"taxonomy":"product_brand","embeddable":true,"href":"https:\/\/gaddostore.com\/index.php\/wp-json\/wp\/v2\/product_brand?post=2959"},{"taxonomy":"product_cat","embeddable":true,"href":"https:\/\/gaddostore.com\/index.php\/wp-json\/wp\/v2\/product_cat?post=2959"},{"taxonomy":"product_tag","embeddable":true,"href":"https:\/\/gaddostore.com\/index.php\/wp-json\/wp\/v2\/product_tag?post=2959"}],"curies":[{"name":"wp","href":"https:\/\/api.w.org\/{rel}","templated":true}]}}