{"id":2989,"date":"2024-01-11T01:22:18","date_gmt":"2024-01-11T01:22:18","guid":{"rendered":"https:\/\/gaddostore.com\/?post_type=product&#038;p=2989"},"modified":"2026-04-18T18:55:32","modified_gmt":"2026-04-18T18:55:32","slug":"tabla-mechas-balayage-dentada","status":"publish","type":"product","link":"https:\/\/gaddostore.com\/index.php\/product\/tabla-mechas-balayage-dentada\/","title":{"rendered":"TABLA MECHAS BALAYAGE DENTADA"},"content":{"rendered":"<p>La tabla dentada es un accesorio imprescindible para los profesionales de la peluquer\u00eda y el estilismo que quieren ofrecer a sus clientes los mejores resultados en mechas y balayage.<\/p>\n<p>Esta tabla tiene un dise\u00f1o ergon\u00f3mico y ligero que facilita su manejo.<\/p>\n<p>permite aplicar el color con precisi\u00f3n y uniformidad<\/p>\n<p>Adem\u00e1s, sus dientes redondeados evitan da\u00f1ar el cabello y el cuero cabelludo, y crean un efecto degradado natural y elegante.<\/p>\n<p>Con la tabla dentada, podr\u00e1s crear looks personalizados y originales, adaptados a las preferencias y caracter\u00edsticas de cada cliente.<\/p>\n<p>No dejes pasar la oportunidad de adquirir este producto innovador y de calidad, que har\u00e1 que tu trabajo sea m\u00e1s f\u00e1cil y eficiente.<\/p>\n<p>\u00a1Pide tu tabla dentada hoy mismo y sorprende a tus clientes con tu arte y creatividad!<\/p>\n<p>medidas 33 cm x 9.5 cm<\/p>\n<p>peso 73 gr<\/p>\n<p>material resistente y flexible , f\u00e1cil de limpiar<\/p>\n<p>&nbsp;<\/p>\n","protected":false},"excerpt":{"rendered":"<p>Tabla profesional para mechas &#8211; balayage dentada- peluquer\u00eda<\/p>\n","protected":false},"featured_media":3060,"template":"","meta":{"om_disable_all_campaigns":false,"_uag_custom_page_level_css":""},"product_brand":[],"product_cat":[63],"product_tag":[],"class_list":{"0":"post-2989","1":"product","2":"type-product","3":"status-publish","4":"has-post-thumbnail","6":"product_cat-tablas","8":"first","9":"outofstock","10":"taxable","11":"shipping-taxable","12":"purchasable","13":"product-type-simple"},"aioseo_notices":[],"uagb_featured_image_src":{"full":["https:\/\/gaddostore.com\/wp-content\/uploads\/2024\/01\/PhotoRoom-20240220_222654_4.webp",1512,2016,false],"thumbnail":["https:\/\/gaddostore.com\/wp-content\/uploads\/2024\/01\/PhotoRoom-20240220_222654_4-150x150.webp",150,150,true],"medium":["https:\/\/gaddostore.com\/wp-content\/uploads\/2024\/01\/PhotoRoom-20240220_222654_4-225x300.webp",225,300,true],"medium_large":["https:\/\/gaddostore.com\/wp-content\/uploads\/2024\/01\/PhotoRoom-20240220_222654_4-768x1024.webp",768,1024,true],"large":["https:\/\/gaddostore.com\/wp-content\/uploads\/2024\/01\/PhotoRoom-20240220_222654_4-768x1024.webp",768,1024,true],"1536x1536":["https:\/\/gaddostore.com\/wp-content\/uploads\/2024\/01\/PhotoRoom-20240220_222654_4-1152x1536.webp",1152,1536,true],"2048x2048":["https:\/\/gaddostore.com\/wp-content\/uploads\/2024\/01\/PhotoRoom-20240220_222654_4.webp",1512,2016,false],"woocommerce_archive_thumbnail":["https:\/\/gaddostore.com\/wp-content\/uploads\/2024\/01\/PhotoRoom-20240220_222654_4-300x400.webp",300,400,true],"mailpoet_newsletter_max":["https:\/\/gaddostore.com\/wp-content\/uploads\/2024\/01\/PhotoRoom-20240220_222654_4-1320x1760.webp",1320,1760,true],"woocommerce_thumbnail":["https:\/\/gaddostore.com\/wp-content\/uploads\/2024\/01\/PhotoRoom-20240220_222654_4-300x300.webp",300,300,true],"woocommerce_single":["https:\/\/gaddostore.com\/wp-content\/uploads\/2024\/01\/PhotoRoom-20240220_222654_4-600x800.webp",600,800,true],"woocommerce_gallery_thumbnail":["https:\/\/gaddostore.com\/wp-content\/uploads\/2024\/01\/PhotoRoom-20240220_222654_4-100x100.webp",100,100,true]},"uagb_author_info":{"display_name":"gaddostore.com","author_link":"https:\/\/gaddostore.com\/index.php\/author\/"},"uagb_comment_info":0,"uagb_excerpt":"Tabla profesional para mechas - balayage dentada- peluquer\u00eda","jetpack_sharing_enabled":true,"_links":{"self":[{"href":"https:\/\/gaddostore.com\/index.php\/wp-json\/wp\/v2\/product\/2989","targetHints":{"allow":["GET"]}}],"collection":[{"href":"https:\/\/gaddostore.com\/index.php\/wp-json\/wp\/v2\/product"}],"about":[{"href":"https:\/\/gaddostore.com\/index.php\/wp-json\/wp\/v2\/types\/product"}],"wp:featuredmedia":[{"embeddable":true,"href":"https:\/\/gaddostore.com\/index.php\/wp-json\/wp\/v2\/media\/3060"}],"wp:attachment":[{"href":"https:\/\/gaddostore.com\/index.php\/wp-json\/wp\/v2\/media?parent=2989"}],"wp:term":[{"taxonomy":"product_brand","embeddable":true,"href":"https:\/\/gaddostore.com\/index.php\/wp-json\/wp\/v2\/product_brand?post=2989"},{"taxonomy":"product_cat","embeddable":true,"href":"https:\/\/gaddostore.com\/index.php\/wp-json\/wp\/v2\/product_cat?post=2989"},{"taxonomy":"product_tag","embeddable":true,"href":"https:\/\/gaddostore.com\/index.php\/wp-json\/wp\/v2\/product_tag?post=2989"}],"curies":[{"name":"wp","href":"https:\/\/api.w.org\/{rel}","templated":true}]}}