{"id":2995,"date":"2024-01-11T19:57:15","date_gmt":"2024-01-11T19:57:15","guid":{"rendered":"https:\/\/gaddostore.com\/?post_type=product&#038;p=2995"},"modified":"2026-02-04T18:37:55","modified_gmt":"2026-02-04T18:37:55","slug":"peine-profesional-krest-goldilocks-5","status":"publish","type":"product","link":"https:\/\/gaddostore.com\/index.php\/product\/peine-profesional-krest-goldilocks-5\/","title":{"rendered":"PEINE PROFESIONAL KREST GOLDILOCKS  #5"},"content":{"rendered":"<p>&nbsp;<\/p>\n<p>Si eres un peluquero o un colorista profesional, sabes que el balayage y los peinados son dos de los servicios m\u00e1s demandados por tus clientes.<\/p>\n<p>Para realizarlos con \u00e9xito, necesitas contar con las herramientas adecuadas, como la peinilla de marca Krest de material Dupont.<\/p>\n<p>Esta peinilla es especial para balayage y peinados, ya que te permite aplicar el color con precisi\u00f3n y crear efectos degradados naturales y elegantes.<\/p>\n<p>Adem\u00e1s, su material Dupont es resistente al calor, a los productos qu\u00edmicos y no da\u00f1a el cabello .<\/p>\n<p>Con esta peinilla, podr\u00e1s ofrecer a tus clientes los mejores resultados en balayage y peinados, y diferenciarte de la competencia.<\/p>\n<p>No lo dudes m\u00e1s y consigue la tuya hoy mismo. \u00a1Te sorprender\u00e1s de lo que puedes lograr con esta peinilla!<\/p>\n<p>&nbsp;<\/p>\n<p>color : caoba<\/p>\n<p>medidas 21 cm x 2 cm<\/p>\n<p>peso\u00a0 \u00a016 gr<\/p>\n<p>material : Dupont Delrin<\/p>\n","protected":false},"excerpt":{"rendered":"<p>Peine Profesional Krest Goldilocks #5<\/p>\n","protected":false},"featured_media":3056,"template":"","meta":{"om_disable_all_campaigns":false,"_uag_custom_page_level_css":""},"product_brand":[],"product_cat":[64],"product_tag":[],"class_list":{"0":"post-2995","1":"product","2":"type-product","3":"status-publish","4":"has-post-thumbnail","6":"product_cat-peines","8":"first","9":"instock","10":"sale","11":"taxable","12":"shipping-taxable","13":"purchasable","14":"product-type-simple"},"aioseo_notices":[],"uagb_featured_image_src":{"full":["https:\/\/gaddostore.com\/wp-content\/uploads\/2024\/01\/PhotoRoom-20240220_222656_35.webp",1512,2016,false],"thumbnail":["https:\/\/gaddostore.com\/wp-content\/uploads\/2024\/01\/PhotoRoom-20240220_222656_35-150x150.webp",150,150,true],"medium":["https:\/\/gaddostore.com\/wp-content\/uploads\/2024\/01\/PhotoRoom-20240220_222656_35-225x300.webp",225,300,true],"medium_large":["https:\/\/gaddostore.com\/wp-content\/uploads\/2024\/01\/PhotoRoom-20240220_222656_35-768x1024.webp",768,1024,true],"large":["https:\/\/gaddostore.com\/wp-content\/uploads\/2024\/01\/PhotoRoom-20240220_222656_35-768x1024.webp",768,1024,true],"1536x1536":["https:\/\/gaddostore.com\/wp-content\/uploads\/2024\/01\/PhotoRoom-20240220_222656_35-1152x1536.webp",1152,1536,true],"2048x2048":["https:\/\/gaddostore.com\/wp-content\/uploads\/2024\/01\/PhotoRoom-20240220_222656_35.webp",1512,2016,false],"woocommerce_archive_thumbnail":["https:\/\/gaddostore.com\/wp-content\/uploads\/2024\/01\/PhotoRoom-20240220_222656_35-300x400.webp",300,400,true],"mailpoet_newsletter_max":["https:\/\/gaddostore.com\/wp-content\/uploads\/2024\/01\/PhotoRoom-20240220_222656_35-1320x1760.webp",1320,1760,true],"woocommerce_thumbnail":["https:\/\/gaddostore.com\/wp-content\/uploads\/2024\/01\/PhotoRoom-20240220_222656_35-300x300.webp",300,300,true],"woocommerce_single":["https:\/\/gaddostore.com\/wp-content\/uploads\/2024\/01\/PhotoRoom-20240220_222656_35-600x800.webp",600,800,true],"woocommerce_gallery_thumbnail":["https:\/\/gaddostore.com\/wp-content\/uploads\/2024\/01\/PhotoRoom-20240220_222656_35-100x100.webp",100,100,true]},"uagb_author_info":{"display_name":"gaddostore.com","author_link":"https:\/\/gaddostore.com\/index.php\/author\/"},"uagb_comment_info":0,"uagb_excerpt":"Peine Profesional Krest Goldilocks #5","jetpack_sharing_enabled":true,"_links":{"self":[{"href":"https:\/\/gaddostore.com\/index.php\/wp-json\/wp\/v2\/product\/2995","targetHints":{"allow":["GET"]}}],"collection":[{"href":"https:\/\/gaddostore.com\/index.php\/wp-json\/wp\/v2\/product"}],"about":[{"href":"https:\/\/gaddostore.com\/index.php\/wp-json\/wp\/v2\/types\/product"}],"wp:featuredmedia":[{"embeddable":true,"href":"https:\/\/gaddostore.com\/index.php\/wp-json\/wp\/v2\/media\/3056"}],"wp:attachment":[{"href":"https:\/\/gaddostore.com\/index.php\/wp-json\/wp\/v2\/media?parent=2995"}],"wp:term":[{"taxonomy":"product_brand","embeddable":true,"href":"https:\/\/gaddostore.com\/index.php\/wp-json\/wp\/v2\/product_brand?post=2995"},{"taxonomy":"product_cat","embeddable":true,"href":"https:\/\/gaddostore.com\/index.php\/wp-json\/wp\/v2\/product_cat?post=2995"},{"taxonomy":"product_tag","embeddable":true,"href":"https:\/\/gaddostore.com\/index.php\/wp-json\/wp\/v2\/product_tag?post=2995"}],"curies":[{"name":"wp","href":"https:\/\/api.w.org\/{rel}","templated":true}]}}