{"id":2998,"date":"2024-01-11T20:46:03","date_gmt":"2024-01-11T20:46:03","guid":{"rendered":"https:\/\/gaddostore.com\/?post_type=product&#038;p=2998"},"modified":"2025-12-23T21:55:08","modified_gmt":"2025-12-23T21:55:08","slug":"mezclador-acero-inoxidable","status":"publish","type":"product","link":"https:\/\/gaddostore.com\/index.php\/product\/mezclador-acero-inoxidable\/","title":{"rendered":"MEZCLADOR ACERO INOXIDABLE"},"content":{"rendered":"<p>Si eres un colorista profesional, sabes que la mezcla de color o decolorante es un paso esencial para lograr los mejores resultados en el cabello de tus clientes.<\/p>\n<p>Para ello, necesitas contar con un mezclador de calidad que te permita obtener una textura homog\u00e9nea y sin grumos. El mezclador en acero inoxidable que te ofrecemos es la herramienta ideal para este prop\u00f3sito.<\/p>\n<p>Este mezclador tiene un dise\u00f1o ergon\u00f3mico y ligero que facilita su uso y limpieza.<\/p>\n<p>Su material de acero inoxidable es resistente al calor y a los productos qu\u00edmicos y no se oxida ni se deteriora con el tiempo.<\/p>\n<p>Adem\u00e1s, su forma de espiral te permite mezclar el color o el decolorante con rapidez y eficacia, evitando el desperdicio de producto.<\/p>\n<p>Con este mezclador, podr\u00e1s crear tonos personalizados y originales, adaptados a las preferencias y caracter\u00edsticas de cada cliente.<\/p>\n<p>No dejes pasar la oportunidad de adquirir este producto innovador y de calidad, que har\u00e1 que tu trabajo sea m\u00e1s f\u00e1cil y profesional.<\/p>\n<p>\u00a1Pide tu mezclador en acero inoxidable hoy mismo y sorprende a tus clientes con tu arte y creatividad!<\/p>\n<p>Especial para color , decolorante o tratamientos capilares.<\/p>\n<p>material : acero inoxidable<\/p>\n<p>peso 20 gr<\/p>\n<p>medida 18 cm<\/p>\n<p>&nbsp;<\/p>\n","protected":false},"excerpt":{"rendered":"<p>Mezclador en acero inoxidable para productos cosm\u00e9ticos en peluquer\u00eda.<\/p>\n","protected":false},"featured_media":3055,"template":"","meta":{"om_disable_all_campaigns":false,"_uag_custom_page_level_css":""},"product_brand":[],"product_cat":[65],"product_tag":[],"class_list":{"0":"post-2998","1":"product","2":"type-product","3":"status-publish","4":"has-post-thumbnail","6":"product_cat-aparatos-y-accesorios","8":"first","9":"instock","10":"taxable","11":"shipping-taxable","12":"purchasable","13":"product-type-simple"},"aioseo_notices":[],"uagb_featured_image_src":{"full":["https:\/\/gaddostore.com\/wp-content\/uploads\/2024\/01\/PhotoRoom-20240220_222656_26.webp",1512,2016,false],"thumbnail":["https:\/\/gaddostore.com\/wp-content\/uploads\/2024\/01\/PhotoRoom-20240220_222656_26-150x150.webp",150,150,true],"medium":["https:\/\/gaddostore.com\/wp-content\/uploads\/2024\/01\/PhotoRoom-20240220_222656_26-225x300.webp",225,300,true],"medium_large":["https:\/\/gaddostore.com\/wp-content\/uploads\/2024\/01\/PhotoRoom-20240220_222656_26-768x1024.webp",768,1024,true],"large":["https:\/\/gaddostore.com\/wp-content\/uploads\/2024\/01\/PhotoRoom-20240220_222656_26-768x1024.webp",768,1024,true],"1536x1536":["https:\/\/gaddostore.com\/wp-content\/uploads\/2024\/01\/PhotoRoom-20240220_222656_26-1152x1536.webp",1152,1536,true],"2048x2048":["https:\/\/gaddostore.com\/wp-content\/uploads\/2024\/01\/PhotoRoom-20240220_222656_26.webp",1512,2016,false],"woocommerce_archive_thumbnail":["https:\/\/gaddostore.com\/wp-content\/uploads\/2024\/01\/PhotoRoom-20240220_222656_26-300x400.webp",300,400,true],"mailpoet_newsletter_max":["https:\/\/gaddostore.com\/wp-content\/uploads\/2024\/01\/PhotoRoom-20240220_222656_26-1320x1760.webp",1320,1760,true],"woocommerce_thumbnail":["https:\/\/gaddostore.com\/wp-content\/uploads\/2024\/01\/PhotoRoom-20240220_222656_26-300x300.webp",300,300,true],"woocommerce_single":["https:\/\/gaddostore.com\/wp-content\/uploads\/2024\/01\/PhotoRoom-20240220_222656_26-600x800.webp",600,800,true],"woocommerce_gallery_thumbnail":["https:\/\/gaddostore.com\/wp-content\/uploads\/2024\/01\/PhotoRoom-20240220_222656_26-100x100.webp",100,100,true]},"uagb_author_info":{"display_name":"gaddostore.com","author_link":"https:\/\/gaddostore.com\/index.php\/author\/"},"uagb_comment_info":0,"uagb_excerpt":"Mezclador en acero inoxidable para productos cosm\u00e9ticos en peluquer\u00eda.","jetpack_sharing_enabled":true,"_links":{"self":[{"href":"https:\/\/gaddostore.com\/index.php\/wp-json\/wp\/v2\/product\/2998","targetHints":{"allow":["GET"]}}],"collection":[{"href":"https:\/\/gaddostore.com\/index.php\/wp-json\/wp\/v2\/product"}],"about":[{"href":"https:\/\/gaddostore.com\/index.php\/wp-json\/wp\/v2\/types\/product"}],"wp:featuredmedia":[{"embeddable":true,"href":"https:\/\/gaddostore.com\/index.php\/wp-json\/wp\/v2\/media\/3055"}],"wp:attachment":[{"href":"https:\/\/gaddostore.com\/index.php\/wp-json\/wp\/v2\/media?parent=2998"}],"wp:term":[{"taxonomy":"product_brand","embeddable":true,"href":"https:\/\/gaddostore.com\/index.php\/wp-json\/wp\/v2\/product_brand?post=2998"},{"taxonomy":"product_cat","embeddable":true,"href":"https:\/\/gaddostore.com\/index.php\/wp-json\/wp\/v2\/product_cat?post=2998"},{"taxonomy":"product_tag","embeddable":true,"href":"https:\/\/gaddostore.com\/index.php\/wp-json\/wp\/v2\/product_tag?post=2998"}],"curies":[{"name":"wp","href":"https:\/\/api.w.org\/{rel}","templated":true}]}}