{"id":3081,"date":"2024-02-29T20:51:27","date_gmt":"2024-02-29T20:51:27","guid":{"rendered":"https:\/\/gaddostore.com\/?post_type=product&#038;p=3081"},"modified":"2024-02-29T20:52:03","modified_gmt":"2024-02-29T20:52:03","slug":"brocha-color-glitter-edicion-limitada","status":"publish","type":"product","link":"https:\/\/gaddostore.com\/index.php\/product\/brocha-color-glitter-edicion-limitada\/","title":{"rendered":"Brocha Color Glitter &#8211; Edici\u00f3n limitada"},"content":{"rendered":"<p>Quieres cambiar el color de tu cabello con facilidad y precisi\u00f3n? Entonces necesitas la mejor brocha para tintura de cabello, la herramienta ideal para aplicar el tinte de tu elecci\u00f3n. Esta brocha profesional tiene un mango largo y puntiagudo que te permite separar el cabello en secciones y llegar a las ra\u00edces sin problemas. Adem\u00e1s, sus cerdas son suaves y resistentes, y distribuyen el color de forma uniforme y sin desperdiciar producto. Con esta brocha para aplicar el tinte, podr\u00e1s lograr el look que deseas . \u00a1No esperes m\u00e1s y consigue la tuya hoy mismo! dise\u00f1o exclusivo y de colecci\u00f3n limitada<\/p>\n<p>material : pl\u00e1stico liviano y resistente<\/p>\n<p>peso : 15 gr<\/p>\n<p>medidas : 22 cm x 5 cm<\/p>\n<p>colores : azul &#8211; morada<\/p>\n<p>usos : tinte cabello &#8211; decoloraci\u00f3n &#8211; tratamientos &#8211; exfoliaci\u00f3n capilar<\/p>\n","protected":false},"excerpt":{"rendered":"<p>brocha profesional de color edici\u00f3n limitada<\/p>\n","protected":false},"featured_media":3082,"template":"","meta":{"om_disable_all_campaigns":false,"_uag_custom_page_level_css":""},"product_brand":[],"product_cat":[56],"product_tag":[],"class_list":{"0":"post-3081","1":"product","2":"type-product","3":"status-publish","4":"has-post-thumbnail","6":"product_cat-brochas","8":"first","9":"instock","10":"taxable","11":"shipping-taxable","12":"purchasable","13":"product-type-variable"},"aioseo_notices":[],"uagb_featured_image_src":{"full":["https:\/\/gaddostore.com\/wp-content\/uploads\/2024\/02\/PhotoRoom-20240220_222655_15.webp",1512,2016,false],"thumbnail":["https:\/\/gaddostore.com\/wp-content\/uploads\/2024\/02\/PhotoRoom-20240220_222655_15-150x150.webp",150,150,true],"medium":["https:\/\/gaddostore.com\/wp-content\/uploads\/2024\/02\/PhotoRoom-20240220_222655_15-225x300.webp",225,300,true],"medium_large":["https:\/\/gaddostore.com\/wp-content\/uploads\/2024\/02\/PhotoRoom-20240220_222655_15-768x1024.webp",768,1024,true],"large":["https:\/\/gaddostore.com\/wp-content\/uploads\/2024\/02\/PhotoRoom-20240220_222655_15-768x1024.webp",768,1024,true],"1536x1536":["https:\/\/gaddostore.com\/wp-content\/uploads\/2024\/02\/PhotoRoom-20240220_222655_15-1152x1536.webp",1152,1536,true],"2048x2048":["https:\/\/gaddostore.com\/wp-content\/uploads\/2024\/02\/PhotoRoom-20240220_222655_15.webp",1512,2016,false],"woocommerce_archive_thumbnail":["https:\/\/gaddostore.com\/wp-content\/uploads\/2024\/02\/PhotoRoom-20240220_222655_15-300x400.webp",300,400,true],"mailpoet_newsletter_max":["https:\/\/gaddostore.com\/wp-content\/uploads\/2024\/02\/PhotoRoom-20240220_222655_15-1320x1760.webp",1320,1760,true],"woocommerce_thumbnail":["https:\/\/gaddostore.com\/wp-content\/uploads\/2024\/02\/PhotoRoom-20240220_222655_15-300x300.webp",300,300,true],"woocommerce_single":["https:\/\/gaddostore.com\/wp-content\/uploads\/2024\/02\/PhotoRoom-20240220_222655_15-600x800.webp",600,800,true],"woocommerce_gallery_thumbnail":["https:\/\/gaddostore.com\/wp-content\/uploads\/2024\/02\/PhotoRoom-20240220_222655_15-100x100.webp",100,100,true]},"uagb_author_info":{"display_name":"gaddostore.com","author_link":"https:\/\/gaddostore.com\/index.php\/author\/"},"uagb_comment_info":0,"uagb_excerpt":"brocha profesional de color edici\u00f3n limitada","jetpack_sharing_enabled":true,"_links":{"self":[{"href":"https:\/\/gaddostore.com\/index.php\/wp-json\/wp\/v2\/product\/3081","targetHints":{"allow":["GET"]}}],"collection":[{"href":"https:\/\/gaddostore.com\/index.php\/wp-json\/wp\/v2\/product"}],"about":[{"href":"https:\/\/gaddostore.com\/index.php\/wp-json\/wp\/v2\/types\/product"}],"wp:featuredmedia":[{"embeddable":true,"href":"https:\/\/gaddostore.com\/index.php\/wp-json\/wp\/v2\/media\/3082"}],"wp:attachment":[{"href":"https:\/\/gaddostore.com\/index.php\/wp-json\/wp\/v2\/media?parent=3081"}],"wp:term":[{"taxonomy":"product_brand","embeddable":true,"href":"https:\/\/gaddostore.com\/index.php\/wp-json\/wp\/v2\/product_brand?post=3081"},{"taxonomy":"product_cat","embeddable":true,"href":"https:\/\/gaddostore.com\/index.php\/wp-json\/wp\/v2\/product_cat?post=3081"},{"taxonomy":"product_tag","embeddable":true,"href":"https:\/\/gaddostore.com\/index.php\/wp-json\/wp\/v2\/product_tag?post=3081"}],"curies":[{"name":"wp","href":"https:\/\/api.w.org\/{rel}","templated":true}]}}