{"id":3087,"date":"2024-02-29T21:18:20","date_gmt":"2024-02-29T21:18:20","guid":{"rendered":"https:\/\/gaddostore.com\/?post_type=product&#038;p=3087"},"modified":"2024-10-12T16:10:29","modified_gmt":"2024-10-12T16:10:29","slug":"brocha-profesional-para-color-ergonomica","status":"publish","type":"product","link":"https:\/\/gaddostore.com\/index.php\/product\/brocha-profesional-para-color-ergonomica\/","title":{"rendered":"Brocha profesional para color Ergon\u00f3mica"},"content":{"rendered":"<p>Pincel especial para tinte de cabello . tratamiento de cabello y decoloraci\u00f3n.<\/p>\n<p>dise\u00f1o de cerdas especial para distribuir el producto cosm\u00e9tico de manera mas eficiente y optimizando el tiempo de aplicaci\u00f3n.<\/p>\n<p>su forma ergon\u00f3mica la hace de f\u00e1cil agarre y antideslizante.<\/p>\n<p>ligera y resistente hecha para durar.<\/p>\n<p>uso profesional de peluquer\u00eda<\/p>\n<p>color negro y blanco<\/p>\n<p>&nbsp;<\/p>\n","protected":false},"excerpt":{"rendered":"<p>Brocha profesional para color ergon\u00f3mica<\/p>\n","protected":false},"featured_media":3092,"template":"","meta":{"om_disable_all_campaigns":false,"_uag_custom_page_level_css":""},"product_brand":[],"product_cat":[62,56],"product_tag":[67,59,68],"class_list":{"0":"post-3087","1":"product","2":"type-product","3":"status-publish","4":"has-post-thumbnail","6":"product_cat-brocha-color","7":"product_cat-brochas","8":"product_tag-brocha-color","9":"product_tag-tinte-cabello","10":"product_tag-tratamiento","12":"first","13":"instock","14":"taxable","15":"shipping-taxable","16":"purchasable","17":"product-type-variable"},"aioseo_notices":[],"uagb_featured_image_src":{"full":["https:\/\/gaddostore.com\/wp-content\/uploads\/2024\/02\/PhotoRoom-20240220_222654_3.webp",1512,2016,false],"thumbnail":["https:\/\/gaddostore.com\/wp-content\/uploads\/2024\/02\/PhotoRoom-20240220_222654_3-150x150.webp",150,150,true],"medium":["https:\/\/gaddostore.com\/wp-content\/uploads\/2024\/02\/PhotoRoom-20240220_222654_3-225x300.webp",225,300,true],"medium_large":["https:\/\/gaddostore.com\/wp-content\/uploads\/2024\/02\/PhotoRoom-20240220_222654_3-768x1024.webp",768,1024,true],"large":["https:\/\/gaddostore.com\/wp-content\/uploads\/2024\/02\/PhotoRoom-20240220_222654_3-768x1024.webp",768,1024,true],"1536x1536":["https:\/\/gaddostore.com\/wp-content\/uploads\/2024\/02\/PhotoRoom-20240220_222654_3-1152x1536.webp",1152,1536,true],"2048x2048":["https:\/\/gaddostore.com\/wp-content\/uploads\/2024\/02\/PhotoRoom-20240220_222654_3.webp",1512,2016,false],"woocommerce_archive_thumbnail":["https:\/\/gaddostore.com\/wp-content\/uploads\/2024\/02\/PhotoRoom-20240220_222654_3-300x400.webp",300,400,true],"mailpoet_newsletter_max":["https:\/\/gaddostore.com\/wp-content\/uploads\/2024\/02\/PhotoRoom-20240220_222654_3-1320x1760.webp",1320,1760,true],"woocommerce_thumbnail":["https:\/\/gaddostore.com\/wp-content\/uploads\/2024\/02\/PhotoRoom-20240220_222654_3-300x300.webp",300,300,true],"woocommerce_single":["https:\/\/gaddostore.com\/wp-content\/uploads\/2024\/02\/PhotoRoom-20240220_222654_3-600x800.webp",600,800,true],"woocommerce_gallery_thumbnail":["https:\/\/gaddostore.com\/wp-content\/uploads\/2024\/02\/PhotoRoom-20240220_222654_3-100x100.webp",100,100,true]},"uagb_author_info":{"display_name":"gaddostore.com","author_link":"https:\/\/gaddostore.com\/index.php\/author\/"},"uagb_comment_info":0,"uagb_excerpt":"Brocha profesional para color ergon\u00f3mica","jetpack_sharing_enabled":true,"_links":{"self":[{"href":"https:\/\/gaddostore.com\/index.php\/wp-json\/wp\/v2\/product\/3087","targetHints":{"allow":["GET"]}}],"collection":[{"href":"https:\/\/gaddostore.com\/index.php\/wp-json\/wp\/v2\/product"}],"about":[{"href":"https:\/\/gaddostore.com\/index.php\/wp-json\/wp\/v2\/types\/product"}],"wp:featuredmedia":[{"embeddable":true,"href":"https:\/\/gaddostore.com\/index.php\/wp-json\/wp\/v2\/media\/3092"}],"wp:attachment":[{"href":"https:\/\/gaddostore.com\/index.php\/wp-json\/wp\/v2\/media?parent=3087"}],"wp:term":[{"taxonomy":"product_brand","embeddable":true,"href":"https:\/\/gaddostore.com\/index.php\/wp-json\/wp\/v2\/product_brand?post=3087"},{"taxonomy":"product_cat","embeddable":true,"href":"https:\/\/gaddostore.com\/index.php\/wp-json\/wp\/v2\/product_cat?post=3087"},{"taxonomy":"product_tag","embeddable":true,"href":"https:\/\/gaddostore.com\/index.php\/wp-json\/wp\/v2\/product_tag?post=3087"}],"curies":[{"name":"wp","href":"https:\/\/api.w.org\/{rel}","templated":true}]}}