{"id":3286,"date":"2024-06-14T03:03:02","date_gmt":"2024-06-14T03:03:02","guid":{"rendered":"https:\/\/gaddostore.com\/?post_type=product&#038;p=3286"},"modified":"2024-10-25T19:20:38","modified_gmt":"2024-10-25T19:20:38","slug":"kit-profesional-balayage-promo","status":"publish","type":"product","link":"https:\/\/gaddostore.com\/index.php\/product\/kit-profesional-balayage-promo\/","title":{"rendered":"Kit Profesional Balayage Promo"},"content":{"rendered":"<p>kit dise\u00f1ado especialmente para profesionales con todo lo necesario para tu creatividad y mejor desempe\u00f1o en cada dise\u00f1o art\u00edstico.<\/p>\n<p>este kit es por tiempo limitado o hasta agotar existencias<\/p>\n<p>&nbsp;<\/p>\n<p>incluye :<\/p>\n<p>tabla dentada x 1<\/p>\n<p>tabla curva x 1<\/p>\n<p>peine krest Dupont original x 1<\/p>\n<p>brocha color ergon\u00f3mica x 1<\/p>\n<p>brocha balayage x 1<\/p>\n<p>mezclador acero inoxidable x 1<\/p>\n<p>brocha esfumado x 1<\/p>\n<p>es muy completo y funcional.<\/p>\n<p>&nbsp;<\/p>\n","protected":false},"excerpt":{"rendered":"<p>kit profesional balayage promo<\/p>\n","protected":false},"featured_media":3287,"template":"","meta":{"om_disable_all_campaigns":false,"_uag_custom_page_level_css":""},"product_brand":[],"product_cat":[63],"product_tag":[],"class_list":{"0":"post-3286","1":"product","2":"type-product","3":"status-publish","4":"has-post-thumbnail","6":"product_cat-tablas","8":"first","9":"outofstock","10":"sale","11":"taxable","12":"shipping-taxable","13":"purchasable","14":"product-type-simple"},"aioseo_notices":[],"uagb_featured_image_src":{"full":["https:\/\/gaddostore.com\/wp-content\/uploads\/2024\/06\/kit-balayage-promo-.webp",1512,2016,false],"thumbnail":["https:\/\/gaddostore.com\/wp-content\/uploads\/2024\/06\/kit-balayage-promo--150x150.webp",150,150,true],"medium":["https:\/\/gaddostore.com\/wp-content\/uploads\/2024\/06\/kit-balayage-promo--225x300.webp",225,300,true],"medium_large":["https:\/\/gaddostore.com\/wp-content\/uploads\/2024\/06\/kit-balayage-promo--768x1024.webp",768,1024,true],"large":["https:\/\/gaddostore.com\/wp-content\/uploads\/2024\/06\/kit-balayage-promo--768x1024.webp",768,1024,true],"1536x1536":["https:\/\/gaddostore.com\/wp-content\/uploads\/2024\/06\/kit-balayage-promo--1152x1536.webp",1152,1536,true],"2048x2048":["https:\/\/gaddostore.com\/wp-content\/uploads\/2024\/06\/kit-balayage-promo-.webp",1512,2016,false],"woocommerce_archive_thumbnail":["https:\/\/gaddostore.com\/wp-content\/uploads\/2024\/06\/kit-balayage-promo--300x400.webp",300,400,true],"mailpoet_newsletter_max":["https:\/\/gaddostore.com\/wp-content\/uploads\/2024\/06\/kit-balayage-promo--1320x1760.webp",1320,1760,true],"woocommerce_thumbnail":["https:\/\/gaddostore.com\/wp-content\/uploads\/2024\/06\/kit-balayage-promo--300x300.webp",300,300,true],"woocommerce_single":["https:\/\/gaddostore.com\/wp-content\/uploads\/2024\/06\/kit-balayage-promo--600x800.webp",600,800,true],"woocommerce_gallery_thumbnail":["https:\/\/gaddostore.com\/wp-content\/uploads\/2024\/06\/kit-balayage-promo--100x100.webp",100,100,true]},"uagb_author_info":{"display_name":"gaddostore.com","author_link":"https:\/\/gaddostore.com\/index.php\/author\/"},"uagb_comment_info":0,"uagb_excerpt":"kit profesional balayage promo","jetpack_sharing_enabled":true,"_links":{"self":[{"href":"https:\/\/gaddostore.com\/index.php\/wp-json\/wp\/v2\/product\/3286","targetHints":{"allow":["GET"]}}],"collection":[{"href":"https:\/\/gaddostore.com\/index.php\/wp-json\/wp\/v2\/product"}],"about":[{"href":"https:\/\/gaddostore.com\/index.php\/wp-json\/wp\/v2\/types\/product"}],"wp:featuredmedia":[{"embeddable":true,"href":"https:\/\/gaddostore.com\/index.php\/wp-json\/wp\/v2\/media\/3287"}],"wp:attachment":[{"href":"https:\/\/gaddostore.com\/index.php\/wp-json\/wp\/v2\/media?parent=3286"}],"wp:term":[{"taxonomy":"product_brand","embeddable":true,"href":"https:\/\/gaddostore.com\/index.php\/wp-json\/wp\/v2\/product_brand?post=3286"},{"taxonomy":"product_cat","embeddable":true,"href":"https:\/\/gaddostore.com\/index.php\/wp-json\/wp\/v2\/product_cat?post=3286"},{"taxonomy":"product_tag","embeddable":true,"href":"https:\/\/gaddostore.com\/index.php\/wp-json\/wp\/v2\/product_tag?post=3286"}],"curies":[{"name":"wp","href":"https:\/\/api.w.org\/{rel}","templated":true}]}}