{"id":3342,"date":"2025-05-24T22:35:53","date_gmt":"2025-05-24T22:35:53","guid":{"rendered":"https:\/\/gaddostore.com\/?post_type=product&#038;p=3342"},"modified":"2025-08-13T20:34:06","modified_gmt":"2025-08-13T20:34:06","slug":"tabla-dentada-balayage-extra-larga","status":"publish","type":"product","link":"https:\/\/gaddostore.com\/index.php\/product\/tabla-dentada-balayage-extra-larga\/","title":{"rendered":"TABLA DENTADA BALAYAGE EXTRA-LARGA"},"content":{"rendered":"<h2>Eleva tus T\u00e9cnicas de Balayage y Mechas<\/h2>\n<p>La <strong>Tabla Dentada para Balayage Extra Larg<\/strong>a es una herramienta esencial para los estilistas que buscan llevar sus t\u00e9cnicas de balayage a otro nivel. Esta tabla dentada extra-larga proporciona una superficie perfecta para aplicar el color, permitiendo una aplicaci\u00f3n m\u00e1s suave y uniforme. Tanto si eres un profesional en un sal\u00f3n como si te iniciando en el mundo del color, esta herramienta est\u00e1 dise\u00f1ada para satisfacer tus necesidades y ayudarte a lograr reflejos impresionantes que llamen la atenci\u00f3n.<\/p>\n<h2>Dise\u00f1ado para Precisi\u00f3n y Facilidad<\/h2>\n<p>Una de las caracter\u00edsticas m\u00e1s destacadas de esta tabla de balayage es su dise\u00f1o inteligente. El borde dentado permite un mejor agarre en las secciones de cabello, asegurando que el color se aplique con precisi\u00f3n donde lo desees. Adem\u00e1s, elimina imperfecciones y zonas irregulares, d\u00e1ndote la confianza para crear transiciones impecables. Con la Tabla Dentada para Balayage Extra Larga, lograr ese look que tanto deseas es m\u00e1s f\u00e1cil que nunca.<\/p>\n<h2>Calidad en la que Puede Confiar<\/h2>\n<p>Dise\u00f1ada pensando en la durabilidad, esta tabla de balayage est\u00e1 hecha con materiales de alta calidad que resisten el uso diario en un sal\u00f3n concurrido. Es ligera pero resistente, lo que permite un manejo c\u00f3modo durante largas sesiones de coloraci\u00f3n. Adem\u00e1s, su limpieza es muy sencilla: simplemente l\u00edmpiala despu\u00e9s de usarla y estar\u00e1 lista para tu pr\u00f3xima aventura de coloraci\u00f3n.<\/p>\n<p>Invertir en la <strong>Tabla Dentada para Balayage Extra Larga<\/strong> significa invertir en calidad y eficiencia. Esta herramienta puede mejorar dr\u00e1sticamente tu experiencia de coloraci\u00f3n, convirti\u00e9ndola en una herramienta imprescindible para quienes se toman en serio el arte del dise\u00f1o capilar. \u00a1Da rienda suelta a tu creatividad y empieza a lograr un balayage perfecto hoy mismo!<\/p>\n<p>medidas 41cm x 11.8 cm<\/p>\n<p>peso 145gr<\/p>\n","protected":false},"excerpt":{"rendered":"<p>Tabla Dentada Balayage y Mechas Extra larga &#8211; herramienta perfecta para peluquer\u00eda profesional<\/p>\n","protected":false},"featured_media":3343,"template":"","meta":{"om_disable_all_campaigns":false,"_uag_custom_page_level_css":""},"product_brand":[],"product_cat":[63],"product_tag":[23,24,22],"class_list":{"0":"post-3342","1":"product","2":"type-product","3":"status-publish","4":"has-post-thumbnail","6":"product_cat-tablas","7":"product_tag-balayage","8":"product_tag-color-cabello","9":"product_tag-peluqueria","11":"first","12":"instock","13":"featured","14":"taxable","15":"shipping-taxable","16":"purchasable","17":"product-type-simple"},"aioseo_notices":[],"uagb_featured_image_src":{"full":["https:\/\/gaddostore.com\/wp-content\/uploads\/2025\/05\/Photoroom-20250521_122815_28.webp",1500,2000,false],"thumbnail":["https:\/\/gaddostore.com\/wp-content\/uploads\/2025\/05\/Photoroom-20250521_122815_28-150x150.webp",150,150,true],"medium":["https:\/\/gaddostore.com\/wp-content\/uploads\/2025\/05\/Photoroom-20250521_122815_28-225x300.webp",225,300,true],"medium_large":["https:\/\/gaddostore.com\/wp-content\/uploads\/2025\/05\/Photoroom-20250521_122815_28-768x1024.webp",768,1024,true],"large":["https:\/\/gaddostore.com\/wp-content\/uploads\/2025\/05\/Photoroom-20250521_122815_28-768x1024.webp",768,1024,true],"1536x1536":["https:\/\/gaddostore.com\/wp-content\/uploads\/2025\/05\/Photoroom-20250521_122815_28-1152x1536.webp",1152,1536,true],"2048x2048":["https:\/\/gaddostore.com\/wp-content\/uploads\/2025\/05\/Photoroom-20250521_122815_28.webp",1500,2000,false],"woocommerce_archive_thumbnail":["https:\/\/gaddostore.com\/wp-content\/uploads\/2025\/05\/Photoroom-20250521_122815_28-300x400.webp",300,400,true],"mailpoet_newsletter_max":["https:\/\/gaddostore.com\/wp-content\/uploads\/2025\/05\/Photoroom-20250521_122815_28-1320x1760.webp",1320,1760,true],"woocommerce_thumbnail":["https:\/\/gaddostore.com\/wp-content\/uploads\/2025\/05\/Photoroom-20250521_122815_28-300x300.webp",300,300,true],"woocommerce_single":["https:\/\/gaddostore.com\/wp-content\/uploads\/2025\/05\/Photoroom-20250521_122815_28-600x800.webp",600,800,true],"woocommerce_gallery_thumbnail":["https:\/\/gaddostore.com\/wp-content\/uploads\/2025\/05\/Photoroom-20250521_122815_28-100x100.webp",100,100,true]},"uagb_author_info":{"display_name":"gaddostore.com","author_link":"https:\/\/gaddostore.com\/index.php\/author\/"},"uagb_comment_info":0,"uagb_excerpt":"Tabla Dentada Balayage y Mechas Extra larga - herramienta perfecta para peluquer\u00eda profesional","jetpack_sharing_enabled":true,"_links":{"self":[{"href":"https:\/\/gaddostore.com\/index.php\/wp-json\/wp\/v2\/product\/3342","targetHints":{"allow":["GET"]}}],"collection":[{"href":"https:\/\/gaddostore.com\/index.php\/wp-json\/wp\/v2\/product"}],"about":[{"href":"https:\/\/gaddostore.com\/index.php\/wp-json\/wp\/v2\/types\/product"}],"wp:featuredmedia":[{"embeddable":true,"href":"https:\/\/gaddostore.com\/index.php\/wp-json\/wp\/v2\/media\/3343"}],"wp:attachment":[{"href":"https:\/\/gaddostore.com\/index.php\/wp-json\/wp\/v2\/media?parent=3342"}],"wp:term":[{"taxonomy":"product_brand","embeddable":true,"href":"https:\/\/gaddostore.com\/index.php\/wp-json\/wp\/v2\/product_brand?post=3342"},{"taxonomy":"product_cat","embeddable":true,"href":"https:\/\/gaddostore.com\/index.php\/wp-json\/wp\/v2\/product_cat?post=3342"},{"taxonomy":"product_tag","embeddable":true,"href":"https:\/\/gaddostore.com\/index.php\/wp-json\/wp\/v2\/product_tag?post=3342"}],"curies":[{"name":"wp","href":"https:\/\/api.w.org\/{rel}","templated":true}]}}