{"id":3414,"date":"2025-08-16T17:06:49","date_gmt":"2025-08-16T17:06:49","guid":{"rendered":"https:\/\/gaddostore.com\/?post_type=product&#038;p=3414"},"modified":"2026-02-04T18:35:25","modified_gmt":"2026-02-04T18:35:25","slug":"brocha-profesional-para-diseno-creativo","status":"publish","type":"product","link":"https:\/\/gaddostore.com\/index.php\/product\/brocha-profesional-para-diseno-creativo\/","title":{"rendered":"Brocha Profesional Para Dise\u00f1o creativo"},"content":{"rendered":"<h2>La herramienta que impulsa la creatividad en el color<\/h2>\n<p>Cuando se trata de lograr dise\u00f1os de color precisos y profesionales en peluquer\u00eda, la brocha delgada para dise\u00f1os de color es imprescindible. Dise\u00f1ada para los estilistas que valoran el detalle, esta brocha proporciona un nivel de control y precisi\u00f3n inigualable, permiti\u00e9ndote llevar tus creaciones al siguiente nivel. Su dise\u00f1o ergon\u00f3mico, combinado con cerdas de alta calidad, facilita la aplicaci\u00f3n uniforme del color en las secciones m\u00e1s delicadas del cabello.<\/p>\n<h2>Dise\u00f1o delgado para la m\u00e1xima precisi\u00f3n<\/h2>\n<p>La brocha delgada permite trabajar con gran exactitud en trabajos detallados como reflejos, balayage o secciones personalizadas de color. Gracias a sus dimensiones espec\u00edficas, es perfecta para estilistas que desean destacar con patrones elaborados, lograr tonos definidos o experimentar con nuevas tendencias de coloraci\u00f3n. Esto convierte a nuestra brocha en una elecci\u00f3n ideal para los salones de peluquer\u00eda de alta demanda. A su vez, las cerdas est\u00e1n dise\u00f1adas tanto para absorber la cantidad justa de producto como para evitar desperdicios innecesarios.<\/p>\n<h2>Calidad y durabilidad para el uso profesional<\/h2>\n<p>Sabemos que las herramientas profesionales deben soportar el uso continuo, y por eso esta brocha delgada est\u00e1 construida para durar. Fabricada con materiales de alta calidad, resiste el desgaste del uso diario en entornos de alta actividad como salones de belleza. Su mango ligero y c\u00f3modo reduce la fatiga en las manos, asegurando que puedas concentrarte en cada trazo sin interrupciones. Adem\u00e1s, su f\u00e1cil limpieza te permite mantener un entorno higi\u00e9nico sin complicaciones.<\/p>\n<h2>\u00bfQu\u00e9 hace que sea indispensable?<\/h2>\n<p>M\u00e1s all\u00e1 de su dise\u00f1o y durabilidad, la brocha delgada para dise\u00f1os de color refleja tu compromiso con la excelencia. Es una herramienta que simplifica el trabajo complejo, ayud\u00e1ndote a crear acabados extraordinarios que tus clientes admirar\u00e1n. Una aplicaci\u00f3n precisa y profesional nunca ha sido tan accesible. Es momento de a\u00f1adir esta brocha a tu equipo de herramientas y transformar cada sesi\u00f3n en una obra de arte \u00fanica.<\/p>\n","protected":false},"excerpt":{"rendered":"<p>Brocha profesional delgada para dise\u00f1os creativos de color . ligera y practica.<\/p>\n<p>&nbsp;<\/p>\n","protected":false},"featured_media":3415,"template":"","meta":{"om_disable_all_campaigns":false,"_uag_custom_page_level_css":""},"product_brand":[],"product_cat":[62,56],"product_tag":[23,67,78,24,69],"class_list":{"0":"post-3414","1":"product","2":"type-product","3":"status-publish","4":"has-post-thumbnail","6":"product_cat-brocha-color","7":"product_cat-brochas","8":"product_tag-balayage","9":"product_tag-brocha-color","10":"product_tag-brochas-balayage","11":"product_tag-color-cabello","12":"product_tag-colorista","14":"first","15":"instock","16":"taxable","17":"shipping-taxable","18":"purchasable","19":"product-type-variable"},"aioseo_notices":[],"uagb_featured_image_src":{"full":["https:\/\/gaddostore.com\/wp-content\/uploads\/2025\/08\/IMG_2981-scaled.jpg",2560,1707,false],"thumbnail":["https:\/\/gaddostore.com\/wp-content\/uploads\/2025\/08\/IMG_2981-150x150.jpg",150,150,true],"medium":["https:\/\/gaddostore.com\/wp-content\/uploads\/2025\/08\/IMG_2981-300x200.jpg",300,200,true],"medium_large":["https:\/\/gaddostore.com\/wp-content\/uploads\/2025\/08\/IMG_2981-768x512.jpg",768,512,true],"large":["https:\/\/gaddostore.com\/wp-content\/uploads\/2025\/08\/IMG_2981-1024x683.jpg",1024,683,true],"1536x1536":["https:\/\/gaddostore.com\/wp-content\/uploads\/2025\/08\/IMG_2981-1536x1024.jpg",1536,1024,true],"2048x2048":["https:\/\/gaddostore.com\/wp-content\/uploads\/2025\/08\/IMG_2981-2048x1365.jpg",2048,1365,true],"woocommerce_archive_thumbnail":["https:\/\/gaddostore.com\/wp-content\/uploads\/2025\/08\/IMG_2981-300x200.jpg",300,200,true],"mailpoet_newsletter_max":["https:\/\/gaddostore.com\/wp-content\/uploads\/2025\/08\/IMG_2981-1320x880.jpg",1320,880,true],"woocommerce_thumbnail":["https:\/\/gaddostore.com\/wp-content\/uploads\/2025\/08\/IMG_2981-300x300.jpg",300,300,true],"woocommerce_single":["https:\/\/gaddostore.com\/wp-content\/uploads\/2025\/08\/IMG_2981-600x400.jpg",600,400,true],"woocommerce_gallery_thumbnail":["https:\/\/gaddostore.com\/wp-content\/uploads\/2025\/08\/IMG_2981-100x100.jpg",100,100,true]},"uagb_author_info":{"display_name":"gaddostore.com","author_link":"https:\/\/gaddostore.com\/index.php\/author\/"},"uagb_comment_info":0,"uagb_excerpt":"Brocha profesional delgada para dise\u00f1os creativos de color . ligera y practica. &nbsp;","jetpack_sharing_enabled":true,"_links":{"self":[{"href":"https:\/\/gaddostore.com\/index.php\/wp-json\/wp\/v2\/product\/3414","targetHints":{"allow":["GET"]}}],"collection":[{"href":"https:\/\/gaddostore.com\/index.php\/wp-json\/wp\/v2\/product"}],"about":[{"href":"https:\/\/gaddostore.com\/index.php\/wp-json\/wp\/v2\/types\/product"}],"wp:featuredmedia":[{"embeddable":true,"href":"https:\/\/gaddostore.com\/index.php\/wp-json\/wp\/v2\/media\/3415"}],"wp:attachment":[{"href":"https:\/\/gaddostore.com\/index.php\/wp-json\/wp\/v2\/media?parent=3414"}],"wp:term":[{"taxonomy":"product_brand","embeddable":true,"href":"https:\/\/gaddostore.com\/index.php\/wp-json\/wp\/v2\/product_brand?post=3414"},{"taxonomy":"product_cat","embeddable":true,"href":"https:\/\/gaddostore.com\/index.php\/wp-json\/wp\/v2\/product_cat?post=3414"},{"taxonomy":"product_tag","embeddable":true,"href":"https:\/\/gaddostore.com\/index.php\/wp-json\/wp\/v2\/product_tag?post=3414"}],"curies":[{"name":"wp","href":"https:\/\/api.w.org\/{rel}","templated":true}]}}